{"id":518,"date":"2025-11-14T19:24:06","date_gmt":"2025-11-14T19:24:06","guid":{"rendered":"http:\/\/oceansoasis.org\/?page_id=518"},"modified":"2025-12-02T21:39:02","modified_gmt":"2025-12-02T21:39:02","slug":"our-programs","status":"publish","type":"page","link":"https:\/\/oceansoasis.org\/es\/our-programs\/","title":{"rendered":"Programas"},"content":{"rendered":"<div data-elementor-type=\"wp-page\" data-elementor-id=\"518\" class=\"elementor elementor-518\" data-elementor-post-type=\"page\">\n\t\t\t\t<div class=\"elementor-element elementor-element-3e7a905 e-flex e-con-boxed e-con e-parent\" data-id=\"3e7a905\" data-element_type=\"container\" data-e-type=\"container\">\n\t\t\t\t\t<div class=\"e-con-inner\">\n\t\t\t\t<div class=\"elementor-element elementor-element-40c4a5d elementor-widget elementor-widget-heading\" data-id=\"40c4a5d\" data-element_type=\"widget\" data-e-type=\"widget\" data-widget_type=\"heading.default\">\n\t\t\t\t\t<h2 class=\"elementor-heading-title elementor-size-default\">El Aquapark:<\/h2>\t\t\t\t<\/div>\n\t\t\t\t<div class=\"elementor-element elementor-element-971c217 elementor-widget elementor-widget-text-editor\" data-id=\"971c217\" data-element_type=\"widget\" data-e-type=\"widget\" data-widget_type=\"text-editor.default\">\n\t\t\t\t\t\t\t\t\t<p><b>Oceans Oasis Aquapark<\/b><span style=\"font-weight: 400;\"> es un modelo de laboratorio en alquiler que ofrece tarifas subvencionadas para apoyar el desarrollo, las pruebas y la comercializaci\u00f3n de proyectos acu\u00e1ticos innovadores. Al combinar una infraestructura acu\u00edcola de alta tecnolog\u00eda con opciones de alquiler flexibles, asistencia t\u00e9cnica especializada y espacios dedicados a la I+D, el Aquapark proporciona un ecosistema en el que pueden <\/span><b>florecer<\/b><span style=\"font-weight: 400;\">. Ya sea que est\u00e9 desarrollando nuevos m\u00e9todos de cultivo de especies, probando piensos sostenibles o validando tecnolog\u00edas acu\u00e1ticas de prueba de concepto, Oceans Oasis Aquapark ofrece los recursos, la tutor\u00eda y la red de contactos necesarios para acelerar la innovaci\u00f3n desde el concepto hasta el mercado. Adem\u00e1s, habr\u00e1 <\/span><b>dos programas piloto totalmente financiados dirigidos por organizaciones ben\u00e9ficas o instituciones acad\u00e9micas (el 5 % de las plazas est\u00e1n reservadas para ONG dedicadas a la investigaci\u00f3n de inter\u00e9s p\u00fablico).<\/b><\/p>\t\t\t\t\t\t\t\t<\/div>\n\t\t<div class=\"elementor-element elementor-element-e1ee4b8 e-con-full e-flex e-con e-child\" data-id=\"e1ee4b8\" data-element_type=\"container\" data-e-type=\"container\" data-settings=\"{&quot;background_background&quot;:&quot;classic&quot;}\">\n\t\t\t\t<div class=\"elementor-element elementor-element-7239b08 elementor-widget elementor-widget-text-editor\" data-id=\"7239b08\" data-element_type=\"widget\" data-e-type=\"widget\" data-widget_type=\"text-editor.default\">\n\t\t\t\t\t\t\t\t\t<h3><b>Lo que buscamos:<\/b><\/h3><ul><li style=\"font-weight: 400;\" aria-level=\"1\"><span style=\"font-weight: 400;\">Proyectos, ideas o tecnolog\u00edas innovadoras en acuicultura, biolog\u00eda marina o campos relacionados.<\/span><\/li><li style=\"font-weight: 400;\" aria-level=\"1\"><span style=\"font-weight: 400;\">Conceptos que necesitan un espacio para pruebas, prototipos o pruebas de concepto<\/span><\/li><li style=\"font-weight: 400;\" aria-level=\"1\"><span style=\"font-weight: 400;\">Soluciones sostenibles para la cr\u00eda de animales acu\u00e1ticos, la alimentaci\u00f3n o la optimizaci\u00f3n de sistemas<\/span><\/li><li style=\"font-weight: 400;\" aria-level=\"1\"><span style=\"font-weight: 400;\"><span style=\"font-weight: 400;\">Emprendedores o startups que deseen validar y ampliar innovaciones acu\u00e1ticas.<\/span><\/span><\/li><\/ul>\t\t\t\t\t\t\t\t<\/div>\n\t\t\t\t<div class=\"elementor-element elementor-element-c333f80 elementor-widget elementor-widget-text-editor\" data-id=\"c333f80\" data-element_type=\"widget\" data-e-type=\"widget\" data-widget_type=\"text-editor.default\">\n\t\t\t\t\t\t\t\t\t<h3><b>Lo que ofrecemos:<\/b><\/h3><ul><li style=\"font-weight: 400;\" aria-level=\"1\"><span style=\"font-weight: 400;\">Alquiler flexible de tanques y equipos (diario\/mensual) con servicios p\u00fablicos y asistencia para el mantenimiento.<\/span><\/li><li style=\"font-weight: 400;\" aria-level=\"1\"><span style=\"font-weight: 400;\">Servicios t\u00e9cnicos adicionales para la configuraci\u00f3n, optimizaci\u00f3n y reparaci\u00f3n de sistemas.<\/span><\/li><li style=\"font-weight: 400;\" aria-level=\"1\"><span style=\"font-weight: 400;\">Servicios p\u00fablicos compartidos, incluyendo sistemas de agua, aireaci\u00f3n, Wi-Fi y espacio de trabajo.<\/span><\/li><li style=\"font-weight: 400;\" aria-level=\"1\"><span style=\"font-weight: 400;\">Alquiler de equipos modulares: tanques, bombas, enfriadores, unidades UV, filtros y consumibles.<\/span><\/li><li style=\"font-weight: 400;\" aria-level=\"1\"><span style=\"font-weight: 400;\">Asistencia t\u00e9cnica in situ por parte de especialistas en acuicultura.<\/span><\/li><li style=\"font-weight: 400;\" aria-level=\"1\"><span style=\"font-weight: 400;\">Acceso completo a laboratorios h\u00famedos y secos con circuitos controlados de agua dulce\/salada.<\/span><\/li><li style=\"font-weight: 400;\" aria-level=\"1\"><span style=\"font-weight: 400;\">Taller de fabricaci\u00f3n e instalaciones de espacio para creadores.<\/span><\/li><li style=\"font-weight: 400;\" aria-level=\"1\"><span style=\"font-weight: 400;\">Asesoramiento empresarial, presentaci\u00f3n a inversores, informaci\u00f3n sobre el mercado y oportunidades para establecer contactos.<\/span><\/li><\/ul><p><span style=\"font-weight: 400;\">Abierto a startups durante todo el a\u00f1o, sujeto a un breve proceso de selecci\u00f3n y limitado por el espacio disponible.<\/span><\/p>\t\t\t\t\t\t\t\t<\/div>\n\t\t\t\t<\/div>\n\t\t\t\t<div class=\"elementor-element elementor-element-084e273 elementor-widget elementor-widget-text-editor\" data-id=\"084e273\" data-element_type=\"widget\" data-e-type=\"widget\" data-widget_type=\"text-editor.default\">\n\t\t\t\t\t\t\t\t\t<p>Si est\u00e1s interesado en aplicar al Aquapark, escr\u00edbenos a info@oceansoasis.org  cont\u00e1ndonos brevemente sobre tu proyecto, sus objetivos y el estadio en el que se encuentra. Con gusto coordinaremos una primera reuni\u00f3n para explorar c\u00f3mo podemos apoyarte.<\/p>\t\t\t\t\t\t\t\t<\/div>\n\t\t\t\t\t<\/div>\n\t\t\t\t<\/div>\n\t\t<div class=\"elementor-element elementor-element-b0536b1 e-flex e-con-boxed e-con e-parent\" data-id=\"b0536b1\" data-element_type=\"container\" data-e-type=\"container\">\n\t\t\t\t\t<div class=\"e-con-inner\">\n\t\t\t\t<div class=\"elementor-element elementor-element-66af651 elementor-widget elementor-widget-heading\" data-id=\"66af651\" data-element_type=\"widget\" data-e-type=\"widget\" data-widget_type=\"heading.default\">\n\t\t\t\t\t<h2 class=\"elementor-heading-title elementor-size-default\">El programa acelerador:<\/h2>\t\t\t\t<\/div>\n\t\t\t\t<div class=\"elementor-element elementor-element-985fa9c elementor-widget elementor-widget-text-editor\" data-id=\"985fa9c\" data-element_type=\"widget\" data-e-type=\"widget\" data-widget_type=\"text-editor.default\">\n\t\t\t\t\t\t\t\t\t<p><span style=\"font-weight: 400;\">El <\/span><b>Programa de Aceleraci\u00f3n de Ocean\u2019s Oasis<\/b><span style=\"font-weight: 400;\"> es una iniciativa integral para startups que crean un <\/span><b>impacto positivo directo o indirecto en los oc\u00e9anos<\/b><span style=\"font-weight: 400;\">. Desde soluciones agr\u00edcolas sostenibles que evitan que los contaminantes lleguen al mar hasta tecnolog\u00edas innovadoras en la econom\u00eda azul, el programa ofrece <\/span><b>todas las herramientas que las startups necesitan para convertirse en inversiones atractivas.<\/b><span style=\"font-weight: 400;\">, incluyendo un <\/span><b>inversi\u00f3n de entre 30 000 y 50 000 d\u00f3lares por startup.<\/b><span style=\"font-weight: 400;\">, tutor\u00eda de expertos, acceso a laboratorios y oportunidades para establecer contactos con el fin de acelerar el crecimiento y el alcance en el mercado.<\/span><\/p>\n<p><b>Lo que buscamos<\/b><\/p>\n<ul>\n<li style=\"font-weight: 400;\" aria-level=\"1\"><b>Startups con impacto positivo<\/b><span style=\"font-weight: 400;\"> en los oc\u00e9anos que utilicen la ciencia, la tecnolog\u00eda y la innovaci\u00f3n en beneficio de las personas, los oc\u00e9anos y la biodiversidad en los tr\u00f3picos  de Am\u00e9rica Latina.<\/span><\/li>\n<li style=\"font-weight: 400;\" aria-level=\"1\"><b>Sectores clave<\/b><span style=\"font-weight: 400;\"> como la acuicultura, la maricultura, la tecnolog\u00eda clim\u00e1tica, la tecnolog\u00eda agr\u00edcola, la pesca, los materiales de origen biol\u00f3gico, la alimentaci\u00f3n, la gesti\u00f3n de residuos y otros.<\/span><\/li>\n<li style=\"font-weight: 400;\" aria-level=\"1\"><b>Empresas con alto potencial<\/b><span style=\"font-weight: 400;\"> \u2014 empresas, cooperativas o emprendedores sociales que validan, prueban o ampl\u00edan soluciones.<\/span><\/li>\n<li style=\"font-weight: 400;\" aria-level=\"1\"><b>Modelos de negocio escalables<\/b><span style=\"font-weight: 400;\"> que sean replicables, sostenibles y listos para la inversi\u00f3n.<\/span><\/li>\n<li style=\"font-weight: 400;\" aria-level=\"1\"><b>Equipos comprometidos<\/b><span style=\"font-weight: 400;\"> con una s\u00f3lida gobernanza, experiencia y capacidad de crecimiento.<\/span><\/li>\n<li style=\"font-weight: 400;\" aria-level=\"1\"><b>Proyectos impulsados por el impacto<\/b><span style=\"font-weight: 400;\"> por el impacto con resultados sociales, medioambientales o econ\u00f3micos medibles, adem\u00e1s de un compromiso con la equidad y la inclusi\u00f3n.<\/span><\/li>\n<\/ul>\n<p><b>Que ofrecemos&nbsp;<\/b><\/p>\n<ul>\n<li style=\"font-weight: 400;\" aria-level=\"1\"><b>Mentor\u00eda y orientaci\u00f3n:.<\/b><span style=\"font-weight: 400;\"> expertos nacionales e internacionales en innovaci\u00f3n oce\u00e1nica y estrategia empresarial.<\/span><\/li>\n<li style=\"font-weight: 400;\" aria-level=\"1\"><b>Mentor\u00eda y orientaci\u00f3n:<\/b><span style=\"font-weight: 400;\"> entre 30 000 y 50 000 d\u00f3lares por startup para ayudar a ampliar su proyecto.<\/span><\/li>\n<li style=\"font-weight: 400;\" aria-level=\"1\"><b>Acceso al mercado y creaci\u00f3n de redes:<\/b><span style=\"font-weight: 400;\"> Conecta con inversionistas, patrocinantes y clientes potenciales a trav\u00e9s de toda Am\u00e9rica Latina.<\/span><\/li>\n<li style=\"font-weight: 400;\" aria-level=\"1\"><b>Technical Resources:<\/b><span style=\"font-weight: 400;\"> acceso a laboratorios, instalaciones de pruebas y asistencia t\u00e9cnica.<\/span><\/li>\n<li style=\"font-weight: 400;\" aria-level=\"1\"><b>Desarrollo empresarial y formaci\u00f3n:<\/b><span style=\"font-weight: 400;\"> talleres sobre emprendimiento, pr\u00e1cticas sostenibles y estrategias de ampliaci\u00f3n.<\/span><\/li>\n<li style=\"font-weight: 400;\" aria-level=\"1\"><b>Visibilidad e impacto:<\/b><span style=\"font-weight: 400;\"> oportunidades para mostrar su proyecto y medir los resultados sociales, econ\u00f3micos y medioambientales.<br><br><\/span><\/li>\n<\/ul>\n<p><span style=\"font-weight: 400;\">Nuestra pr\u00f3xima promoci\u00f3n comenzar\u00e1 en Febrero de 2026, por lo que le animamos a que presente su solicitud antes del 31 de diciembre de 2025.<\/span><span style=\"font-weight: 400;\">st<\/span><span style=\"font-weight: 400;\">, 2025.<\/span><\/p>\t\t\t\t\t\t\t\t<\/div>\n\t\t\t\t<div class=\"elementor-element elementor-element-c07e48f elementor-widget elementor-widget-button\" data-id=\"c07e48f\" data-element_type=\"widget\" data-e-type=\"widget\" data-widget_type=\"button.default\">\n\t\t\t\t\t\t\t\t\t\t<a class=\"elementor-button elementor-button-link elementor-size-sm\" href=\"#elementor-action%3Aaction%3Dpopup%3Aopen%26settings%3DeyJpZCI6IjQ2MiIsInRvZ2dsZSI6ZmFsc2V9\">\n\t\t\t\t\t\t<span class=\"elementor-button-content-wrapper\">\n\t\t\t\t\t\t\t\t\t<span class=\"elementor-button-text\">\u00a1Aplicar ya!<\/span>\n\t\t\t\t\t<\/span>\n\t\t\t\t\t<\/a>\n\t\t\t\t\t\t\t\t<\/div>\n\t\t\t\t\t<\/div>\n\t\t\t\t<\/div>\n\t\t<div class=\"elementor-element elementor-element-aee038f e-flex e-con-boxed e-con e-parent\" data-id=\"aee038f\" data-element_type=\"container\" data-e-type=\"container\" data-settings=\"{&quot;background_background&quot;:&quot;classic&quot;}\">\n\t\t\t\t\t<div class=\"e-con-inner\">\n\t\t<div class=\"elementor-element elementor-element-24b26dc e-con-full e-flex e-con e-child\" data-id=\"24b26dc\" data-element_type=\"container\" data-e-type=\"container\" data-settings=\"{&quot;background_background&quot;:&quot;gradient&quot;}\">\n\t\t\t\t<div class=\"elementor-element elementor-element-fa2688e elementor-widget elementor-widget-text-editor\" data-id=\"fa2688e\" data-element_type=\"widget\" data-e-type=\"widget\" data-widget_type=\"text-editor.default\">\n\t\t\t\t\t\t\t\t\t<p>Si desea obtener m\u00e1s informaci\u00f3n sobre los t\u00e9rminos y condiciones del programa, puede descargar el documento de T\u00e9rminos de Referencia. Tambi\u00e9n puede enviarnos un correo electr\u00f3nico a info@oceansoasis.org si tiene alguna pregunta sobre el proceso de solicitud.<\/p>\t\t\t\t\t\t\t\t<\/div>\n\t\t\t\t<div class=\"elementor-element elementor-element-4aa9912 elementor-align-center elementor-widget elementor-widget-button\" data-id=\"4aa9912\" data-element_type=\"widget\" data-e-type=\"widget\" data-widget_type=\"button.default\">\n\t\t\t\t\t\t\t\t\t\t<a class=\"elementor-button elementor-button-link elementor-size-sm elementor-animation-float\" href=\"https:\/\/oceansoasis.org\/wp-content\/uploads\/2025\/12\/Terminos-de-Referencia-OO.pdf\" target=\"_blank\">\n\t\t\t\t\t\t<span class=\"elementor-button-content-wrapper\">\n\t\t\t\t\t\t\t\t\t<span class=\"elementor-button-text\">T\u00e9rminos de referencia<\/span>\n\t\t\t\t\t<\/span>\n\t\t\t\t\t<\/a>\n\t\t\t\t\t\t\t\t<\/div>\n\t\t\t\t<\/div>\n\t\t\t\t\t<\/div>\n\t\t\t\t<\/div>\n\t\t<div class=\"elementor-element elementor-element-542a6d4 e-flex e-con-boxed e-con e-parent\" data-id=\"542a6d4\" data-element_type=\"container\" data-e-type=\"container\">\n\t\t\t\t\t<div class=\"e-con-inner\">\n\t\t\t\t\t<\/div>\n\t\t\t\t<\/div>\n\t\t\t\t<\/div>","protected":false},"excerpt":{"rendered":"<p>The Aquapark: Oceans Oasis Aquapark is a lab-for-rent model offering subsidized fees to support the development, testing, and commercialization of innovative aquatic projects. By combining high-tech aquaculture infrastructure with flexible rental options, expert technical support, and dedicated R&amp;D spaces, the Aquapark provides an ecosystem where ideas, technologies, and prototypes can flourish. Whether you are developing [&hellip;]<\/p>\n","protected":false},"author":1,"featured_media":0,"parent":0,"menu_order":0,"comment_status":"closed","ping_status":"closed","template":"","meta":{"_acf_changed":false,"footnotes":""},"class_list":["post-518","page","type-page","status-publish","hentry"],"acf":[],"_links":{"self":[{"href":"https:\/\/oceansoasis.org\/es\/wp-json\/wp\/v2\/pages\/518","targetHints":{"allow":["GET"]}}],"collection":[{"href":"https:\/\/oceansoasis.org\/es\/wp-json\/wp\/v2\/pages"}],"about":[{"href":"https:\/\/oceansoasis.org\/es\/wp-json\/wp\/v2\/types\/page"}],"author":[{"embeddable":true,"href":"https:\/\/oceansoasis.org\/es\/wp-json\/wp\/v2\/users\/1"}],"replies":[{"embeddable":true,"href":"https:\/\/oceansoasis.org\/es\/wp-json\/wp\/v2\/comments?post=518"}],"version-history":[{"count":0,"href":"https:\/\/oceansoasis.org\/es\/wp-json\/wp\/v2\/pages\/518\/revisions"}],"wp:attachment":[{"href":"https:\/\/oceansoasis.org\/es\/wp-json\/wp\/v2\/media?parent=518"}],"curies":[{"name":"wp","href":"https:\/\/api.w.org\/{rel}","templated":true}]}}